{"id":2238,"date":"2021-01-12T03:21:37","date_gmt":"2021-01-12T02:21:37","guid":{"rendered":"https:\/\/proge.fr\/copro\/?page_id=2238"},"modified":"2021-01-12T03:30:23","modified_gmt":"2021-01-12T02:30:23","slug":"mentions-legales","status":"publish","type":"page","link":"https:\/\/proge.fr\/copro\/mentions-legales\/","title":{"rendered":"Mentions l\u00e9gales"},"content":{"rendered":"\n<h2>Identification<\/h2>\n\n\n\n<p>Soci\u00e9t\u00e9 Proge<br>SARL au capital de 10 000 \u20ac<br>RCS Avignon 843 052 408 00013<br>Si\u00e8ge social : 7 rue du Jas &#8211; 84000 Avignon<br>Directeurs de la publication : MM. Laurent Masson et Pierre Gotab<\/p>\n\n\n\n<p>E-mail : <a href=\"javascript:void(0)\" onclick=\"this.href='mailto:'+(this.textContent='33|3f|3e|3k|31|33|3k|20|3g|3i|3f|37|35|1e|36|3i'.split('|').map(function(x){return String.fromCharCode(parseInt(x,32));}).join(''))\">voir<\/a><\/p>\n\n\n\n<p>Site h\u00e9berg\u00e9 chez OVH<br>SAS au capital de 10 069 020 \u20ac<br>RCS Lille M\u00e9tropole 424 761 419 00045<br>Code APE 2620Z<br>N\u00b0 TVA : FR 22 424 761 419<br>Si\u00e8ge social : 2 rue Kellermann &#8211; 59100 Roubaix &#8211; France<\/p>\n\n\n\n<h2>Politique sur les cookies<\/h2>\n\n\n\n<p>Le site internet proge.fr stocke des cookies lors de vos visites afin de :<\/p>\n\n\n\n<ul><li>Mesurer l&#8217;audience du site<\/li><li>Permettre votre connexion au site<\/li><\/ul>\n\n\n\n<p>Vous pouvez refuser les cookies par plusieurs proc\u00e9d\u00e9s d\u00e9taill\u00e9s sur le site de la CNIL : <a rel=\"noreferrer noopener\" href=\"https:\/\/www.cnil.fr\/fr\/cookies-les-outils-pour-les-maitriser\" target=\"_blank\">https:\/\/www.cnil.fr\/fr\/cookies-les-outils-pour-les-maitriser<\/a><\/p>\n\n\n\n<h2>Politique sur les donn\u00e9es personnelles<\/h2>\n\n\n\n<p>Le site internet proge.fr ne stocke, ne transmets, ni n&#8217;utilise aucune donn\u00e9e personnelle.<\/p>\n","protected":false},"excerpt":{"rendered":"<p>Identification Soci\u00e9t\u00e9 ProgeSARL au capital de 10 000 \u20acRCS Avignon 843 052 408 00013Si\u00e8ge social : 7 rue du Jas &#8211; 84000 AvignonDirecteurs de la publication : MM. Laurent Masson et Pierre Gotab E-mail : voir Site h\u00e9berg\u00e9 chez OVHSAS au capital de 10 069 020 \u20acRCS Lille M\u00e9tropole 424 761 419 00045Code APE 2620ZN\u00b0 [&hellip;]<\/p>\n","protected":false},"author":1,"featured_media":0,"parent":0,"menu_order":0,"comment_status":"closed","ping_status":"closed","template":"","meta":{"inline_featured_image":false},"_links":{"self":[{"href":"https:\/\/proge.fr\/copro\/wp-json\/wp\/v2\/pages\/2238"}],"collection":[{"href":"https:\/\/proge.fr\/copro\/wp-json\/wp\/v2\/pages"}],"about":[{"href":"https:\/\/proge.fr\/copro\/wp-json\/wp\/v2\/types\/page"}],"author":[{"embeddable":true,"href":"https:\/\/proge.fr\/copro\/wp-json\/wp\/v2\/users\/1"}],"replies":[{"embeddable":true,"href":"https:\/\/proge.fr\/copro\/wp-json\/wp\/v2\/comments?post=2238"}],"version-history":[{"count":3,"href":"https:\/\/proge.fr\/copro\/wp-json\/wp\/v2\/pages\/2238\/revisions"}],"predecessor-version":[{"id":2243,"href":"https:\/\/proge.fr\/copro\/wp-json\/wp\/v2\/pages\/2238\/revisions\/2243"}],"wp:attachment":[{"href":"https:\/\/proge.fr\/copro\/wp-json\/wp\/v2\/media?parent=2238"}],"curies":[{"name":"wp","href":"https:\/\/api.w.org\/{rel}","templated":true}]}}